{"id":3383,"date":"2021-02-01T15:07:12","date_gmt":"2021-02-01T14:07:12","guid":{"rendered":"https:\/\/museomoesano.ch\/deutsche\/?page_id=3383"},"modified":"2023-12-13T00:01:00","modified_gmt":"2023-12-12T23:01:00","slug":"archeologia","status":"publish","type":"page","link":"https:\/\/museomoesano.ch\/deutsche\/archeologia\/","title":{"rendered":"Archeologia"},"content":{"rendered":"<p><div class=\"flex_column av_one_full  flex_column_div av-zero-column-padding first  avia-builder-el-0  el_before_av_one_half  avia-builder-el-first  \" style='border-radius:0px; '><div  style='padding-bottom:10px; ' class='av-special-heading av-special-heading-h1  blockquote modern-quote  avia-builder-el-1  avia-builder-el-no-sibling  '><h1 class='av-special-heading-tag '  itemprop=\"headline\"  >Die Arch\u00e4ologie im Misox<\/h1><div class ='av-subheading av-subheading_below  ' style='font-size:20px;'><p>Fast 10\u2019000 Jahre menschlicher Anwesenheit<\/p>\n<\/div><div class='special-heading-border'><div class='special-heading-inner-border' ><\/div><\/div><\/div><\/div><br \/>\n<div class=\"flex_column av_one_half  flex_column_div av-zero-column-padding first  avia-builder-el-2  el_after_av_one_full  el_before_av_one_half  column-top-margin\" style='border-radius:0px; '><p><div  style='height:10px' class='hr hr-invisible   avia-builder-el-3  el_before_av_gallery  avia-builder-el-first '><span class='hr-inner ' ><span class='hr-inner-style'><\/span><\/span><\/div><br \/>\n<div  class='avia-gallery  avia-gallery-1 avia_lazyload avia-gallery-animate avia_animate_when_visible  avia-builder-el-4  el_after_av_hr  avia-builder-el-last '  itemprop=\"image\" itemscope=\"itemscope\" itemtype=\"https:\/\/schema.org\/ImageObject\" ><a class='avia-gallery-big fakeLightbox lightbox avia-gallery-big-crop-thumb ' href='https:\/\/museomoesano.ch\/deutsche\/wp-content\/uploads\/2021\/04\/archeologia_1-845-682.jpg'  data-onclick='1' title='Arch\u00e4ologie' ><span class='avia-gallery-big-inner'  itemprop=\"thumbnailUrl\" ><img class=\"wp-image-4242 avia-img-lazy-loading-not-4242\"  width=\"845\" height=\"682\" src=\"https:\/\/museomoesano.ch\/deutsche\/wp-content\/uploads\/2021\/04\/archeologia_1-845-682.jpg\" title='archeologia_1-845-682' alt='' srcset=\"https:\/\/museomoesano.ch\/deutsche\/wp-content\/uploads\/2021\/04\/archeologia_1-845-682.jpg 845w, https:\/\/museomoesano.ch\/deutsche\/wp-content\/uploads\/2021\/04\/archeologia_1-845-682-300x242.jpg 300w, https:\/\/museomoesano.ch\/deutsche\/wp-content\/uploads\/2021\/04\/archeologia_1-845-682-768x620.jpg 768w, https:\/\/museomoesano.ch\/deutsche\/wp-content\/uploads\/2021\/04\/archeologia_1-845-682-495x400.jpg 495w, https:\/\/museomoesano.ch\/deutsche\/wp-content\/uploads\/2021\/04\/archeologia_1-845-682-705x569.jpg 705w\" sizes=\"(max-width: 845px) 100vw, 845px\" \/>\t<span class='avia-gallery-caption'>Arch\u00e4ologie<\/span><\/span><\/a><div class='avia-gallery-thumb'> <a href='https:\/\/museomoesano.ch\/deutsche\/wp-content\/uploads\/2021\/04\/archeologia_1-845-682.jpg' data-rel='gallery-1' data-prev-img='https:\/\/museomoesano.ch\/deutsche\/wp-content\/uploads\/2021\/04\/archeologia_1-845-682.jpg' class='first_thumb lightbox ' data-onclick='1' title='Arch\u00e4ologie'  itemprop=\"thumbnailUrl\"  ><img class=\"wp-image-4242 avia-img-lazy-loading-not-4242\"  data-avia-tooltip='Arch\u00e4ologie' src=\"https:\/\/museomoesano.ch\/deutsche\/wp-content\/uploads\/2021\/04\/archeologia_1-845-682-495x400.jpg\" width=\"495\" height=\"400\"  title='archeologia_1-845-682' alt='' srcset=\"https:\/\/museomoesano.ch\/deutsche\/wp-content\/uploads\/2021\/04\/archeologia_1-845-682-495x400.jpg 495w, https:\/\/museomoesano.ch\/deutsche\/wp-content\/uploads\/2021\/04\/archeologia_1-845-682-300x242.jpg 300w, https:\/\/museomoesano.ch\/deutsche\/wp-content\/uploads\/2021\/04\/archeologia_1-845-682-768x620.jpg 768w, https:\/\/museomoesano.ch\/deutsche\/wp-content\/uploads\/2021\/04\/archeologia_1-845-682-705x569.jpg 705w, https:\/\/museomoesano.ch\/deutsche\/wp-content\/uploads\/2021\/04\/archeologia_1-845-682.jpg 845w\" sizes=\"(max-width: 495px) 100vw, 495px\" \/><\/a> <a href='https:\/\/museomoesano.ch\/deutsche\/wp-content\/uploads\/2021\/04\/archeologia_6.jpg' data-rel='gallery-1' data-prev-img='https:\/\/museomoesano.ch\/deutsche\/wp-content\/uploads\/2021\/04\/archeologia_6.jpg' class='lightbox ' data-onclick='2' title='Arch\u00e4ologie'  itemprop=\"thumbnailUrl\"  ><img class=\"wp-image-4241 avia-img-lazy-loading-not-4241\"  data-avia-tooltip='Arch\u00e4ologie' src=\"https:\/\/museomoesano.ch\/deutsche\/wp-content\/uploads\/2021\/04\/archeologia_6-495x400.jpg\" width=\"495\" height=\"400\"  title='archeologia_6' alt='' srcset=\"https:\/\/museomoesano.ch\/deutsche\/wp-content\/uploads\/2021\/04\/archeologia_6-495x400.jpg 495w, https:\/\/museomoesano.ch\/deutsche\/wp-content\/uploads\/2021\/04\/archeologia_6-300x242.jpg 300w, https:\/\/museomoesano.ch\/deutsche\/wp-content\/uploads\/2021\/04\/archeologia_6-768x620.jpg 768w, https:\/\/museomoesano.ch\/deutsche\/wp-content\/uploads\/2021\/04\/archeologia_6-705x569.jpg 705w, https:\/\/museomoesano.ch\/deutsche\/wp-content\/uploads\/2021\/04\/archeologia_6.jpg 845w\" sizes=\"(max-width: 495px) 100vw, 495px\" \/><\/a> <a href='https:\/\/museomoesano.ch\/deutsche\/wp-content\/uploads\/2021\/04\/archeologia_2-845-682.jpg' data-rel='gallery-1' data-prev-img='https:\/\/museomoesano.ch\/deutsche\/wp-content\/uploads\/2021\/04\/archeologia_2-845-682.jpg' class='lightbox ' data-onclick='3' title='Arch\u00e4ologie'  itemprop=\"thumbnailUrl\"  ><img class=\"wp-image-4243 avia-img-lazy-loading-not-4243\"  data-avia-tooltip='Arch\u00e4ologie' src=\"https:\/\/museomoesano.ch\/deutsche\/wp-content\/uploads\/2021\/04\/archeologia_2-845-682-495x400.jpg\" width=\"495\" height=\"400\"  title='archeologia_2-845-682' alt='' srcset=\"https:\/\/museomoesano.ch\/deutsche\/wp-content\/uploads\/2021\/04\/archeologia_2-845-682-495x400.jpg 495w, https:\/\/museomoesano.ch\/deutsche\/wp-content\/uploads\/2021\/04\/archeologia_2-845-682-300x242.jpg 300w, https:\/\/museomoesano.ch\/deutsche\/wp-content\/uploads\/2021\/04\/archeologia_2-845-682-768x620.jpg 768w, https:\/\/museomoesano.ch\/deutsche\/wp-content\/uploads\/2021\/04\/archeologia_2-845-682-705x569.jpg 705w, https:\/\/museomoesano.ch\/deutsche\/wp-content\/uploads\/2021\/04\/archeologia_2-845-682.jpg 845w\" sizes=\"(max-width: 495px) 100vw, 495px\" \/><\/a> <a href='https:\/\/museomoesano.ch\/deutsche\/wp-content\/uploads\/2021\/04\/archeologia_5.jpg' data-rel='gallery-1' data-prev-img='https:\/\/museomoesano.ch\/deutsche\/wp-content\/uploads\/2021\/04\/archeologia_5.jpg' class='first_thumb lightbox ' data-onclick='4' title='Arch\u00e4ologie'  itemprop=\"thumbnailUrl\"  ><img class=\"wp-image-4240 avia-img-lazy-loading-not-4240\"  data-avia-tooltip='Arch\u00e4ologie' src=\"https:\/\/museomoesano.ch\/deutsche\/wp-content\/uploads\/2021\/04\/archeologia_5-495x400.jpg\" width=\"495\" height=\"400\"  title='archeologia_5' alt='' srcset=\"https:\/\/museomoesano.ch\/deutsche\/wp-content\/uploads\/2021\/04\/archeologia_5-495x400.jpg 495w, https:\/\/museomoesano.ch\/deutsche\/wp-content\/uploads\/2021\/04\/archeologia_5-300x242.jpg 300w, https:\/\/museomoesano.ch\/deutsche\/wp-content\/uploads\/2021\/04\/archeologia_5-768x620.jpg 768w, https:\/\/museomoesano.ch\/deutsche\/wp-content\/uploads\/2021\/04\/archeologia_5-705x569.jpg 705w, https:\/\/museomoesano.ch\/deutsche\/wp-content\/uploads\/2021\/04\/archeologia_5.jpg 845w\" sizes=\"(max-width: 495px) 100vw, 495px\" \/><\/a> <a href='https:\/\/museomoesano.ch\/deutsche\/wp-content\/uploads\/2021\/04\/archeologia_4.jpg' data-rel='gallery-1' data-prev-img='https:\/\/museomoesano.ch\/deutsche\/wp-content\/uploads\/2021\/04\/archeologia_4.jpg' class='lightbox ' data-onclick='5' title='Arch\u00e4ologie'  itemprop=\"thumbnailUrl\"  ><img class=\"wp-image-4239 avia-img-lazy-loading-not-4239\"  data-avia-tooltip='Arch\u00e4ologie' src=\"https:\/\/museomoesano.ch\/deutsche\/wp-content\/uploads\/2021\/04\/archeologia_4-495x400.jpg\" width=\"495\" height=\"400\"  title='archeologia_4' alt='' srcset=\"https:\/\/museomoesano.ch\/deutsche\/wp-content\/uploads\/2021\/04\/archeologia_4-495x400.jpg 495w, https:\/\/museomoesano.ch\/deutsche\/wp-content\/uploads\/2021\/04\/archeologia_4-300x242.jpg 300w, https:\/\/museomoesano.ch\/deutsche\/wp-content\/uploads\/2021\/04\/archeologia_4-768x620.jpg 768w, https:\/\/museomoesano.ch\/deutsche\/wp-content\/uploads\/2021\/04\/archeologia_4-705x569.jpg 705w, https:\/\/museomoesano.ch\/deutsche\/wp-content\/uploads\/2021\/04\/archeologia_4.jpg 845w\" sizes=\"(max-width: 495px) 100vw, 495px\" \/><\/a> <a href='https:\/\/museomoesano.ch\/deutsche\/wp-content\/uploads\/2021\/04\/archeologia_3.jpg' data-rel='gallery-1' data-prev-img='https:\/\/museomoesano.ch\/deutsche\/wp-content\/uploads\/2021\/04\/archeologia_3.jpg' class='lightbox ' data-onclick='6' title='Arch\u00e4ologie'  itemprop=\"thumbnailUrl\"  ><img class=\"wp-image-4238 avia-img-lazy-loading-not-4238\"  data-avia-tooltip='Arch\u00e4ologie' src=\"https:\/\/museomoesano.ch\/deutsche\/wp-content\/uploads\/2021\/04\/archeologia_3-495x400.jpg\" width=\"495\" height=\"400\"  title='archeologia_3' alt='' srcset=\"https:\/\/museomoesano.ch\/deutsche\/wp-content\/uploads\/2021\/04\/archeologia_3-495x400.jpg 495w, https:\/\/museomoesano.ch\/deutsche\/wp-content\/uploads\/2021\/04\/archeologia_3-300x242.jpg 300w, https:\/\/museomoesano.ch\/deutsche\/wp-content\/uploads\/2021\/04\/archeologia_3-768x620.jpg 768w, https:\/\/museomoesano.ch\/deutsche\/wp-content\/uploads\/2021\/04\/archeologia_3-705x569.jpg 705w, https:\/\/museomoesano.ch\/deutsche\/wp-content\/uploads\/2021\/04\/archeologia_3.jpg 845w\" sizes=\"(max-width: 495px) 100vw, 495px\" \/><\/a><\/div><\/div><\/p><\/div><br \/>\n<div class=\"flex_column av_one_half  flex_column_div av-zero-column-padding   avia-builder-el-5  el_after_av_one_half  avia-builder-el-last  column-top-margin\" style='border-radius:0px; '><section class=\"av_textblock_section \"  itemscope=\"itemscope\" itemtype=\"https:\/\/schema.org\/CreativeWork\" ><div class='avia_textblock  '   itemprop=\"text\" ><div>\n<div>\n<p><strong>Eine Erweiterung des Bereichs Arch\u00e4ologie wird derzeit mit einem Projekt mit dem Titel &#8220;Das Bild einer Gesellschaft. Arch\u00e4ologie: zwei neue Erweiterungs- und Unterrichtsr\u00e4ume&#8221; bearbeitet. Die Einweihung ist f\u00fcr Mai 2024 geplant.<\/strong><\/p>\n<\/div>\n<\/div>\n<div><\/div>\n<\/div><\/section><br \/>\n<div   class='hr hr-default   avia-builder-el-7  el_after_av_textblock  el_before_av_textblock '><span class='hr-inner ' ><span class='hr-inner-style'><\/span><\/span><\/div><br \/>\n<section class=\"av_textblock_section \"  itemscope=\"itemscope\" itemtype=\"https:\/\/schema.org\/CreativeWork\" ><div class='avia_textblock  '   itemprop=\"text\" ><div>\n<div>\n<p>Die arch\u00e4ologische Abteilung, neu konzipiert im Jahre 2010, erz\u00e4hlt die Geschichte der Besiedlung des Moesano seit den ersten Erkundungen unserer Gegend vor ungef\u00e4hr 9000 Jahren bis hin zum Mittelalter; eine Geschichte, die seit Beginn durch die Nord-S\u00fcd Verbindungen \u00fcber die Alpen gepr\u00e4gt ist. Beginnend bei den J\u00e4gern und Sammlern des Mesolithikums, die auf ihren Streifz\u00fcgen durch unsere Gegend nach Nahrung und Rohstoffen suchten, geht es weiter mit der Geschichte der ersten Bauern und Viehz\u00fcchter, die im Verlauf des dritten Jahrtausends vor Chr. zu Beginn der Eisenzeit in unserer Region auf die Dauer sesshaft wurden.<\/p>\n<p>Die Ausstellung zeigt dann die Bewohner des Moesano w\u00e4hrend der Bronzezeit, wobei ein gesondertes Kapitel den Lepontern gewidmet ist, die sich als Vermittler im alpinen Handelsverkehr zwischen Etruskern und Kelten w\u00e4hrend der Eisenzeit, bzw. im ersten Jahrtausend vor Chr. in unserem Gebiet aufhielten. Es folgt die r\u00f6mische Epoche, w\u00e4hrend der dem San Bernardinopass im Vergleich zu anderen Alpen\u00fcberg\u00e4ngen eine eher untergeordnete Bedeutung zukommt, und schliesslich die Zeit des Mittelalters, die unter anderem durch regen Handelsverkehr mit den St\u00e4dten der heutigen Lombardei gepr\u00e4gt war.<\/p>\n<\/div>\n<\/div>\n<div><\/div>\n<\/div><\/section><\/p><\/div><\/p>\n","protected":false},"excerpt":{"rendered":"","protected":false},"author":1,"featured_media":0,"parent":0,"menu_order":0,"comment_status":"closed","ping_status":"closed","template":"","meta":[],"_links":{"self":[{"href":"https:\/\/museomoesano.ch\/deutsche\/wp-json\/wp\/v2\/pages\/3383"}],"collection":[{"href":"https:\/\/museomoesano.ch\/deutsche\/wp-json\/wp\/v2\/pages"}],"about":[{"href":"https:\/\/museomoesano.ch\/deutsche\/wp-json\/wp\/v2\/types\/page"}],"author":[{"embeddable":true,"href":"https:\/\/museomoesano.ch\/deutsche\/wp-json\/wp\/v2\/users\/1"}],"replies":[{"embeddable":true,"href":"https:\/\/museomoesano.ch\/deutsche\/wp-json\/wp\/v2\/comments?post=3383"}],"version-history":[{"count":11,"href":"https:\/\/museomoesano.ch\/deutsche\/wp-json\/wp\/v2\/pages\/3383\/revisions"}],"predecessor-version":[{"id":4369,"href":"https:\/\/museomoesano.ch\/deutsche\/wp-json\/wp\/v2\/pages\/3383\/revisions\/4369"}],"wp:attachment":[{"href":"https:\/\/museomoesano.ch\/deutsche\/wp-json\/wp\/v2\/media?parent=3383"}],"curies":[{"name":"wp","href":"https:\/\/api.w.org\/{rel}","templated":true}]}}