{"id":3295,"date":"2021-01-15T15:49:56","date_gmt":"2021-01-15T14:49:56","guid":{"rendered":"https:\/\/museomoesano.ch\/deutsche\/?page_id=3295"},"modified":"2021-04-11T15:29:27","modified_gmt":"2021-04-11T13:29:27","slug":"etnografia","status":"publish","type":"page","link":"https:\/\/museomoesano.ch\/deutsche\/etnografia\/","title":{"rendered":"Etnografia"},"content":{"rendered":"<div class=\"flex_column av_one_full  flex_column_div av-zero-column-padding first  avia-builder-el-0  el_before_av_one_half  avia-builder-el-first  \" style='border-radius:0px; '><div  style='padding-bottom:10px; ' class='av-special-heading av-special-heading-h1  blockquote modern-quote  avia-builder-el-1  avia-builder-el-no-sibling  '><h1 class='av-special-heading-tag '  itemprop=\"headline\"  >Volkskunde und sakrale Kunst<\/h1><div class ='av-subheading av-subheading_below  ' style='font-size:20px;'><p>Das Alltagsleben und die Tradition von Kunst und Handwerk<\/p>\n<\/div><div class='special-heading-border'><div class='special-heading-inner-border' ><\/div><\/div><\/div><\/div>\n<div class=\"flex_column av_one_half  flex_column_div av-zero-column-padding first  avia-builder-el-2  el_after_av_one_full  el_before_av_one_half  column-top-margin\" style='border-radius:0px; '><p><div  style='height:10px' class='hr hr-invisible   avia-builder-el-3  el_before_av_gallery  avia-builder-el-first '><span class='hr-inner ' ><span class='hr-inner-style'><\/span><\/span><\/div><br \/>\n<div  class='avia-gallery  avia-gallery-1 avia_lazyload avia-gallery-animate avia_animate_when_visible  avia-builder-el-4  el_after_av_hr  avia-builder-el-last '  itemprop=\"image\" itemscope=\"itemscope\" itemtype=\"https:\/\/schema.org\/ImageObject\" ><a class='avia-gallery-big fakeLightbox lightbox avia-gallery-big-crop-thumb ' href='https:\/\/museomoesano.ch\/deutsche\/wp-content\/uploads\/2021\/04\/etnografia-1.jpg'  data-onclick='1' title='Etnografia' ><span class='avia-gallery-big-inner'  itemprop=\"thumbnailUrl\" ><img class=\"wp-image-4221 avia-img-lazy-loading-not-4221\"  width=\"845\" height=\"640\" src=\"https:\/\/museomoesano.ch\/deutsche\/wp-content\/uploads\/2021\/04\/etnografia-1.jpg\" title='etnografia' alt='' srcset=\"https:\/\/museomoesano.ch\/deutsche\/wp-content\/uploads\/2021\/04\/etnografia-1.jpg 845w, https:\/\/museomoesano.ch\/deutsche\/wp-content\/uploads\/2021\/04\/etnografia-1-300x227.jpg 300w, https:\/\/museomoesano.ch\/deutsche\/wp-content\/uploads\/2021\/04\/etnografia-1-768x582.jpg 768w, https:\/\/museomoesano.ch\/deutsche\/wp-content\/uploads\/2021\/04\/etnografia-1-705x534.jpg 705w\" sizes=\"(max-width: 845px) 100vw, 845px\" \/>\t<span class='avia-gallery-caption'>Etnografia<\/span><\/span><\/a><div class='avia-gallery-thumb'> <a href='https:\/\/museomoesano.ch\/deutsche\/wp-content\/uploads\/2021\/04\/etnografia-1.jpg' data-rel='gallery-1' data-prev-img='https:\/\/museomoesano.ch\/deutsche\/wp-content\/uploads\/2021\/04\/etnografia-1.jpg' class='first_thumb lightbox ' data-onclick='1' title='Etnografia'  itemprop=\"thumbnailUrl\"  ><img class=\"wp-image-4221 avia-img-lazy-loading-not-4221\"  data-avia-tooltip='Etnografia' src=\"https:\/\/museomoesano.ch\/deutsche\/wp-content\/uploads\/2021\/04\/etnografia-1-495x400.jpg\" width=\"495\" height=\"400\"  title='etnografia' alt='' \/><\/a> <a href='https:\/\/museomoesano.ch\/deutsche\/wp-content\/uploads\/2021\/04\/immagini_museo-845-682.jpg' data-rel='gallery-1' data-prev-img='https:\/\/museomoesano.ch\/deutsche\/wp-content\/uploads\/2021\/04\/immagini_museo-845-682.jpg' class='lightbox ' data-onclick='2' title='Etnografia'  itemprop=\"thumbnailUrl\"  ><img class=\"wp-image-4225 avia-img-lazy-loading-not-4225\"  data-avia-tooltip='Etnografia' src=\"https:\/\/museomoesano.ch\/deutsche\/wp-content\/uploads\/2021\/04\/immagini_museo-845-682-495x400.jpg\" width=\"495\" height=\"400\"  title='immagini_museo-845-682' alt='' srcset=\"https:\/\/museomoesano.ch\/deutsche\/wp-content\/uploads\/2021\/04\/immagini_museo-845-682-495x400.jpg 495w, https:\/\/museomoesano.ch\/deutsche\/wp-content\/uploads\/2021\/04\/immagini_museo-845-682-300x242.jpg 300w, https:\/\/museomoesano.ch\/deutsche\/wp-content\/uploads\/2021\/04\/immagini_museo-845-682-768x620.jpg 768w, https:\/\/museomoesano.ch\/deutsche\/wp-content\/uploads\/2021\/04\/immagini_museo-845-682-705x569.jpg 705w, https:\/\/museomoesano.ch\/deutsche\/wp-content\/uploads\/2021\/04\/immagini_museo-845-682.jpg 845w\" sizes=\"(max-width: 495px) 100vw, 495px\" \/><\/a> <a href='https:\/\/museomoesano.ch\/deutsche\/wp-content\/uploads\/2021\/04\/etnografia-7.jpg' data-rel='gallery-1' data-prev-img='https:\/\/museomoesano.ch\/deutsche\/wp-content\/uploads\/2021\/04\/etnografia-7.jpg' class='lightbox ' data-onclick='3' title='Etnografia'  itemprop=\"thumbnailUrl\"  ><img class=\"wp-image-4214 avia-img-lazy-loading-not-4214\"  data-avia-tooltip='Etnografia' src=\"https:\/\/museomoesano.ch\/deutsche\/wp-content\/uploads\/2021\/04\/etnografia-7-495x400.jpg\" width=\"495\" height=\"400\"  title='etnografia-7' alt='' srcset=\"https:\/\/museomoesano.ch\/deutsche\/wp-content\/uploads\/2021\/04\/etnografia-7-495x400.jpg 495w, https:\/\/museomoesano.ch\/deutsche\/wp-content\/uploads\/2021\/04\/etnografia-7-300x242.jpg 300w, https:\/\/museomoesano.ch\/deutsche\/wp-content\/uploads\/2021\/04\/etnografia-7-768x620.jpg 768w, https:\/\/museomoesano.ch\/deutsche\/wp-content\/uploads\/2021\/04\/etnografia-7-705x569.jpg 705w, https:\/\/museomoesano.ch\/deutsche\/wp-content\/uploads\/2021\/04\/etnografia-7.jpg 845w\" sizes=\"(max-width: 495px) 100vw, 495px\" \/><\/a> <a href='https:\/\/museomoesano.ch\/deutsche\/wp-content\/uploads\/2021\/04\/etnografia-5-1.jpg' data-rel='gallery-1' data-prev-img='https:\/\/museomoesano.ch\/deutsche\/wp-content\/uploads\/2021\/04\/etnografia-5-1.jpg' class='first_thumb lightbox ' data-onclick='4' title='Etnografia'  itemprop=\"thumbnailUrl\"  ><img class=\"wp-image-4224 avia-img-lazy-loading-not-4224\"  data-avia-tooltip='Etnografia' src=\"https:\/\/museomoesano.ch\/deutsche\/wp-content\/uploads\/2021\/04\/etnografia-5-1-495x400.jpg\" width=\"495\" height=\"400\"  title='etnografia-5' alt='' srcset=\"https:\/\/museomoesano.ch\/deutsche\/wp-content\/uploads\/2021\/04\/etnografia-5-1-495x400.jpg 495w, https:\/\/museomoesano.ch\/deutsche\/wp-content\/uploads\/2021\/04\/etnografia-5-1-300x242.jpg 300w, https:\/\/museomoesano.ch\/deutsche\/wp-content\/uploads\/2021\/04\/etnografia-5-1-768x620.jpg 768w, https:\/\/museomoesano.ch\/deutsche\/wp-content\/uploads\/2021\/04\/etnografia-5-1-705x569.jpg 705w, https:\/\/museomoesano.ch\/deutsche\/wp-content\/uploads\/2021\/04\/etnografia-5-1.jpg 845w\" sizes=\"(max-width: 495px) 100vw, 495px\" \/><\/a> <a href='https:\/\/museomoesano.ch\/deutsche\/wp-content\/uploads\/2021\/04\/etnografia-8.jpg' data-rel='gallery-1' data-prev-img='https:\/\/museomoesano.ch\/deutsche\/wp-content\/uploads\/2021\/04\/etnografia-8.jpg' class='lightbox ' data-onclick='5' title='Etnografia'  itemprop=\"thumbnailUrl\"  ><img class=\"wp-image-4215 avia-img-lazy-loading-not-4215\"  data-avia-tooltip='Etnografia' src=\"https:\/\/museomoesano.ch\/deutsche\/wp-content\/uploads\/2021\/04\/etnografia-8-495x400.jpg\" width=\"495\" height=\"400\"  title='etnografia-8' alt='' srcset=\"https:\/\/museomoesano.ch\/deutsche\/wp-content\/uploads\/2021\/04\/etnografia-8-495x400.jpg 495w, https:\/\/museomoesano.ch\/deutsche\/wp-content\/uploads\/2021\/04\/etnografia-8-300x242.jpg 300w, https:\/\/museomoesano.ch\/deutsche\/wp-content\/uploads\/2021\/04\/etnografia-8-768x620.jpg 768w, https:\/\/museomoesano.ch\/deutsche\/wp-content\/uploads\/2021\/04\/etnografia-8-705x569.jpg 705w, https:\/\/museomoesano.ch\/deutsche\/wp-content\/uploads\/2021\/04\/etnografia-8.jpg 845w\" sizes=\"(max-width: 495px) 100vw, 495px\" \/><\/a> <a href='https:\/\/museomoesano.ch\/deutsche\/wp-content\/uploads\/2021\/04\/etnografia-4.jpg' data-rel='gallery-1' data-prev-img='https:\/\/museomoesano.ch\/deutsche\/wp-content\/uploads\/2021\/04\/etnografia-4.jpg' class='lightbox ' data-onclick='6' title='Etnografia'  itemprop=\"thumbnailUrl\"  ><img class=\"wp-image-4211 avia-img-lazy-loading-not-4211\"  data-avia-tooltip='Etnografia' src=\"https:\/\/museomoesano.ch\/deutsche\/wp-content\/uploads\/2021\/04\/etnografia-4-495x400.jpg\" width=\"495\" height=\"400\"  title='etnografia-4' alt='' srcset=\"https:\/\/museomoesano.ch\/deutsche\/wp-content\/uploads\/2021\/04\/etnografia-4-495x400.jpg 495w, https:\/\/museomoesano.ch\/deutsche\/wp-content\/uploads\/2021\/04\/etnografia-4-300x242.jpg 300w, https:\/\/museomoesano.ch\/deutsche\/wp-content\/uploads\/2021\/04\/etnografia-4-768x620.jpg 768w, https:\/\/museomoesano.ch\/deutsche\/wp-content\/uploads\/2021\/04\/etnografia-4-705x569.jpg 705w, https:\/\/museomoesano.ch\/deutsche\/wp-content\/uploads\/2021\/04\/etnografia-4.jpg 845w\" sizes=\"(max-width: 495px) 100vw, 495px\" \/><\/a><\/div><\/div><\/p><\/div><div class=\"flex_column av_one_half  flex_column_div av-zero-column-padding   avia-builder-el-5  el_after_av_one_half  avia-builder-el-last  column-top-margin\" style='border-radius:0px; '><section class=\"av_textblock_section \"  itemscope=\"itemscope\" itemtype=\"https:\/\/schema.org\/CreativeWork\" ><div class='avia_textblock  '   itemprop=\"text\" ><div>\n<p>Im Jahre 1949 hat das Museo Moesano seine Pforten als volkskundliches Museum, erg\u00e4nzt um eine Abteilung \u00fcber sakrale Kunst, er\u00f6ffnet. Als \u00dcberrest aus diesen Anfangszeiten hat sich im Erdgeschoss des Palazzo Viscardi ein kleiner volkskundlicher Sektor mit einer K\u00fcche und einer holzverkleideten Schlafkammer erhalten, in dem ein Querschnitt des traditionellen h\u00e4uslichen Lebens in Szene gesetzt ist. \u00a0Besonders eindr\u00fccklich ist der grosse Kamin, welcher nicht nur der Zubereitung der Mahlzeiten, sondern auch als abendlicher Mittelpunkt diente, um kleine Haus- und Handarbeiten zu verrichten.<\/p>\n<p>Einige der zahlreichen Objekte sakraler Kunst, insbesondere Holzfiguren und Prozessionskreuze, sind in einer Vitrine im zweiten Stock ausgestellt.<\/p>\n<p>Die restlichen volkskundlichen Sammelobjekte, welche anf\u00e4nglich den Grundbestand des Museums bildeten, sind derzeit in einem externen Depot in Roveredo eingelagert.<\/p>\n<\/div>\n<div><\/div>\n<\/div><\/section><\/div><\/p>\n","protected":false},"excerpt":{"rendered":"","protected":false},"author":1,"featured_media":0,"parent":0,"menu_order":0,"comment_status":"closed","ping_status":"closed","template":"","meta":[],"_links":{"self":[{"href":"https:\/\/museomoesano.ch\/deutsche\/wp-json\/wp\/v2\/pages\/3295"}],"collection":[{"href":"https:\/\/museomoesano.ch\/deutsche\/wp-json\/wp\/v2\/pages"}],"about":[{"href":"https:\/\/museomoesano.ch\/deutsche\/wp-json\/wp\/v2\/types\/page"}],"author":[{"embeddable":true,"href":"https:\/\/museomoesano.ch\/deutsche\/wp-json\/wp\/v2\/users\/1"}],"replies":[{"embeddable":true,"href":"https:\/\/museomoesano.ch\/deutsche\/wp-json\/wp\/v2\/comments?post=3295"}],"version-history":[{"count":12,"href":"https:\/\/museomoesano.ch\/deutsche\/wp-json\/wp\/v2\/pages\/3295\/revisions"}],"predecessor-version":[{"id":4226,"href":"https:\/\/museomoesano.ch\/deutsche\/wp-json\/wp\/v2\/pages\/3295\/revisions\/4226"}],"wp:attachment":[{"href":"https:\/\/museomoesano.ch\/deutsche\/wp-json\/wp\/v2\/media?parent=3295"}],"curies":[{"name":"wp","href":"https:\/\/api.w.org\/{rel}","templated":true}]}}