{"id":3278,"date":"2021-01-15T15:02:26","date_gmt":"2021-01-15T14:02:26","guid":{"rendered":"https:\/\/museomoesano.ch\/deutsche\/?page_id=3278"},"modified":"2025-03-27T16:37:57","modified_gmt":"2025-03-27T15:37:57","slug":"servizi-e-informazioni","status":"publish","type":"page","link":"https:\/\/museomoesano.ch\/deutsche\/servizi-e-informazioni\/","title":{"rendered":"Servizi e Informazioni"},"content":{"rendered":"<div class=\"flex_column av_one_full  flex_column_div av-zero-column-padding first  avia-builder-el-0  el_before_av_one_half  avia-builder-el-first  \" style='border-radius:0px; '><div  style='padding-bottom:10px; ' class='av-special-heading av-special-heading-h1  blockquote modern-quote  avia-builder-el-1  avia-builder-el-no-sibling  '><h1 class='av-special-heading-tag '  itemprop=\"headline\"  >Servizi e Informazioni<\/h1><div class ='av-subheading av-subheading_below  ' style='font-size:15px;'><p>Vi diamo il Benvenuto presso il Palazzo Viscardi a San Vittore<\/p>\n<\/div><div class='special-heading-border'><div class='special-heading-inner-border' ><\/div><\/div><\/div><\/div>\n<div class=\"flex_column av_one_half  flex_column_div av-zero-column-padding first  avia-builder-el-2  el_after_av_one_full  el_before_av_one_half  column-top-margin\" style='border-radius:0px; '><p><div  style='height:10px' class='hr hr-invisible   avia-builder-el-3  el_before_av_image  avia-builder-el-first '><span class='hr-inner ' ><span class='hr-inner-style'><\/span><\/span><\/div><br \/>\n<\/p><\/div>\n<div class=\"flex_column av_one_half  flex_column_div av-zero-column-padding   column-top-margin\" style='border-radius:0px; '><section class=\"av_textblock_section \"  itemscope=\"itemscope\" itemtype=\"https:\/\/schema.org\/CreativeWork\" ><div class='avia_textblock  '   itemprop=\"text\" ><h6>Orari di apertura e accessibilit\u00e0<\/h6>\n<p class=\"Paragrafobase\">Il Museo \u00e9 aperto da met\u00e0 aprile a fine ottobre &#8211; il mercoled\u00ec, venerd\u00ec e domenica dalle 14 alle 17.<br \/>\nIl Museo \u00e8 situato al centro del villaggio, a fiaco della Collegiata.<br \/>\nPer gruppi annunciarsi in anticipo, la visita pu\u00f2 svolgersi anche in altri orari. Ingresso fr. 3.- a persona &#8211; minimo 10 partecipanti.<\/p>\n<h6><\/h6>\n<h6>Disabilit\u00e0<\/h6>\n<p class=\"Paragrafobase\">L\u2019accesso con sedia a rotelle \u00e8 limitato al pianterreno, dove si pu\u00f2 visitare l\u2019allestimento etnografico. Persone con lievi difficolt\u00e0 motorie possono accedere al primo e al secondo piano con un\u2019ampia scala<\/p>\n<h6><\/h6>\n<h6>Tariffe<\/h6>\n<p class=\"Paragrafobase\">Adulti &#8211; fr. 5.-<br \/>\nBambini &#8211; gratis fino ai 7 anni<br \/>\nAVS, studenti, ragazzi\u00a0fino ai 16 anni fr. 3.-<\/p>\n<h6><\/h6>\n<h6>Per Informazioni<\/h6>\n<p class=\"Paragrafobase\">Palazzo Viscardi &#8211; Via Favera 11 &#8211; CH-6534 San Vittore<br \/>\n0041 (0)91 827 16 66<\/p>\n<p class=\"Paragrafobase\"><span><a href=\"mailto:museomoesano@bluewin.ch\">museomoesano@bluewin.ch<\/a><\/span><\/p>\n<\/div><\/section><\/div>\n","protected":false},"excerpt":{"rendered":"","protected":false},"author":1,"featured_media":0,"parent":0,"menu_order":0,"comment_status":"closed","ping_status":"closed","template":"","meta":[],"_links":{"self":[{"href":"https:\/\/museomoesano.ch\/deutsche\/wp-json\/wp\/v2\/pages\/3278"}],"collection":[{"href":"https:\/\/museomoesano.ch\/deutsche\/wp-json\/wp\/v2\/pages"}],"about":[{"href":"https:\/\/museomoesano.ch\/deutsche\/wp-json\/wp\/v2\/types\/page"}],"author":[{"embeddable":true,"href":"https:\/\/museomoesano.ch\/deutsche\/wp-json\/wp\/v2\/users\/1"}],"replies":[{"embeddable":true,"href":"https:\/\/museomoesano.ch\/deutsche\/wp-json\/wp\/v2\/comments?post=3278"}],"version-history":[{"count":6,"href":"https:\/\/museomoesano.ch\/deutsche\/wp-json\/wp\/v2\/pages\/3278\/revisions"}],"predecessor-version":[{"id":3286,"href":"https:\/\/museomoesano.ch\/deutsche\/wp-json\/wp\/v2\/pages\/3278\/revisions\/3286"}],"wp:attachment":[{"href":"https:\/\/museomoesano.ch\/deutsche\/wp-json\/wp\/v2\/media?parent=3278"}],"curies":[{"name":"wp","href":"https:\/\/api.w.org\/{rel}","templated":true}]}}